{"id":37,"date":"2023-10-22T19:59:22","date_gmt":"2023-10-22T19:59:22","guid":{"rendered":"https:\/\/www.beetz-helau.de\/?page_id=37"},"modified":"2023-10-24T13:45:54","modified_gmt":"2023-10-24T13:45:54","slug":"kontakt","status":"publish","type":"page","link":"https:\/\/www.beetz-helau.de\/?page_id=37","title":{"rendered":"Kontakt"},"content":{"rendered":"\t\t<div data-elementor-type=\"wp-page\" data-elementor-id=\"37\" class=\"elementor elementor-37\">\n\t\t\t\t\t\t\t\t\t<section class=\"elementor-section elementor-top-section elementor-element elementor-element-56203ad elementor-section-boxed elementor-section-height-default elementor-section-height-default\" data-id=\"56203ad\" data-element_type=\"section\">\n\t\t\t\t\t\t<div class=\"elementor-container elementor-column-gap-default\">\n\t\t\t\t\t<div class=\"elementor-column elementor-col-100 elementor-top-column elementor-element elementor-element-1e1ad1d\" data-id=\"1e1ad1d\" data-element_type=\"column\">\n\t\t\t<div class=\"elementor-widget-wrap elementor-element-populated\">\n\t\t\t\t\t\t\t\t<div class=\"elementor-element elementor-element-b963c09 elementor-widget elementor-widget-heading\" data-id=\"b963c09\" data-element_type=\"widget\" data-widget_type=\"heading.default\">\n\t\t\t\t<div class=\"elementor-widget-container\">\n\t\t\t<style>\/*! elementor - v3.16.0 - 17-10-2023 *\/\n.elementor-heading-title{padding:0;margin:0;line-height:1}.elementor-widget-heading .elementor-heading-title[class*=elementor-size-]>a{color:inherit;font-size:inherit;line-height:inherit}.elementor-widget-heading .elementor-heading-title.elementor-size-small{font-size:15px}.elementor-widget-heading .elementor-heading-title.elementor-size-medium{font-size:19px}.elementor-widget-heading .elementor-heading-title.elementor-size-large{font-size:29px}.elementor-widget-heading .elementor-heading-title.elementor-size-xl{font-size:39px}.elementor-widget-heading .elementor-heading-title.elementor-size-xxl{font-size:59px}<\/style><h2 class=\"elementor-heading-title elementor-size-default\">Wie Sie uns erreichen k\u00f6nnen<\/h2>\t\t<\/div>\n\t\t\t\t<\/div>\n\t\t\t\t\t<\/div>\n\t\t<\/div>\n\t\t\t\t\t\t\t<\/div>\n\t\t<\/section>\n\t\t\t\t<section class=\"elementor-section elementor-top-section elementor-element elementor-element-d25f4d5 elementor-section-boxed elementor-section-height-default elementor-section-height-default\" data-id=\"d25f4d5\" data-element_type=\"section\">\n\t\t\t\t\t\t<div class=\"elementor-container elementor-column-gap-default\">\n\t\t\t\t\t<div class=\"elementor-column elementor-col-100 elementor-top-column elementor-element elementor-element-551665d\" data-id=\"551665d\" data-element_type=\"column\">\n\t\t\t<div class=\"elementor-widget-wrap elementor-element-populated\">\n\t\t\t\t\t\t\t\t<div class=\"elementor-element elementor-element-b4e6fbb elementor-widget elementor-widget-text-editor\" data-id=\"b4e6fbb\" data-element_type=\"widget\" data-widget_type=\"text-editor.default\">\n\t\t\t\t<div class=\"elementor-widget-container\">\n\t\t\t<style>\/*! elementor - v3.16.0 - 17-10-2023 *\/\n.elementor-widget-text-editor.elementor-drop-cap-view-stacked .elementor-drop-cap{background-color:#69727d;color:#fff}.elementor-widget-text-editor.elementor-drop-cap-view-framed .elementor-drop-cap{color:#69727d;border:3px solid;background-color:transparent}.elementor-widget-text-editor:not(.elementor-drop-cap-view-default) .elementor-drop-cap{margin-top:8px}.elementor-widget-text-editor:not(.elementor-drop-cap-view-default) .elementor-drop-cap-letter{width:1em;height:1em}.elementor-widget-text-editor .elementor-drop-cap{float:left;text-align:center;line-height:1;font-size:50px}.elementor-widget-text-editor .elementor-drop-cap-letter{display:inline-block}<\/style>\t\t\t\t<p>Wie bei jedem Verein, ist eine ganze Menge im Vorfeld zu regeln. Angefangen mit den Proben, der Auswahl und Anfertigung der Kost\u00fcme, der Organisation des Kartenvorverkaufs, dem Umbau und Schm\u00fccken der Halle, dem Aufbau der Technik bis hin zur Verk\u00f6stigung unseres Publikums.<\/p><p>Es gibt jede Menge M\u00f6glichkeiten, mit dem BCC ins Gespr\u00e4ch zu kommen, denn alle Mitglieder stammen hier aus der Region.<\/p><p>Kartenbestellungen werden ausschlie\u00dflich \u00fcber unsere Kartenhotline angenommen.<\/p><p>Gro\u00dfe Banner und Plakate werden in der Region auf die bevorstehenden<span class=\"Apple-converted-space\">\u00a0 <\/span>Veranstaltungen aufmerksam machen. Auch auf unserer Facebookseite werden sie \u00fcber die Veranstaltungstermine informiert.<\/p><p>Sie k\u00f6nnen auch gern unsere Emailadresse oder den Facebook-Messenger nutzen, um mit dem BCC in Kontakt zu treten.<\/p>\t\t\t\t\t\t<\/div>\n\t\t\t\t<\/div>\n\t\t\t\t\t<\/div>\n\t\t<\/div>\n\t\t\t\t\t\t\t<\/div>\n\t\t<\/section>\n\t\t\t\t<section class=\"elementor-section elementor-top-section elementor-element elementor-element-5c47edb elementor-section-boxed elementor-section-height-default elementor-section-height-default\" data-id=\"5c47edb\" data-element_type=\"section\">\n\t\t\t\t\t\t<div class=\"elementor-container elementor-column-gap-default\">\n\t\t\t\t\t<div class=\"elementor-column elementor-col-100 elementor-top-column elementor-element elementor-element-8706b96\" data-id=\"8706b96\" data-element_type=\"column\">\n\t\t\t<div class=\"elementor-widget-wrap elementor-element-populated\">\n\t\t\t\t\t\t\t\t<div class=\"elementor-element elementor-element-98bfeaa elementor-align-center elementor-widget elementor-widget-button\" data-id=\"98bfeaa\" data-element_type=\"widget\" data-widget_type=\"button.default\">\n\t\t\t\t<div class=\"elementor-widget-container\">\n\t\t\t\t\t<div class=\"elementor-button-wrapper\">\n\t\t\t<a class=\"elementor-button elementor-button-link elementor-size-md\" href=\"mailto:kontakt@beetz-helau.de\" target=\"_blank\">\n\t\t\t\t\t\t<span class=\"elementor-button-content-wrapper\">\n\t\t\t\t\t\t<span class=\"elementor-button-icon elementor-align-icon-left\">\n\t\t\t\t<i aria-hidden=\"true\" class=\"far fa-envelope\"><\/i>\t\t\t<\/span>\n\t\t\t\t\t\t<span class=\"elementor-button-text\">kontakt@beetz-helau.de<\/span>\n\t\t<\/span>\n\t\t\t\t\t<\/a>\n\t\t<\/div>\n\t\t\t\t<\/div>\n\t\t\t\t<\/div>\n\t\t\t\t\t<\/div>\n\t\t<\/div>\n\t\t\t\t\t\t\t<\/div>\n\t\t<\/section>\n\t\t\t\t\t\t\t<\/div>\n\t\t","protected":false},"excerpt":{"rendered":"<p>Wie Sie uns erreichen k\u00f6nnen Wie bei jedem Verein, ist eine ganze Menge im Vorfeld zu regeln. Angefangen mit den Proben, der Auswahl und Anfertigung der Kost\u00fcme, der Organisation des Kartenvorverkaufs, dem Umbau und Schm\u00fccken der Halle, dem Aufbau der Technik bis hin zur Verk\u00f6stigung unseres Publikums. Es gibt jede Menge M\u00f6glichkeiten, mit dem BCC &hellip; <\/p>\n<p class=\"link-more\"><a href=\"https:\/\/www.beetz-helau.de\/?page_id=37\" class=\"more-link\">Mehr <span class=\"screen-reader-text\">\u00fcber &#8222;Kontakt&#8220; <\/span>Lesen<\/a><\/p>\n","protected":false},"author":1,"featured_media":0,"parent":0,"menu_order":0,"comment_status":"closed","ping_status":"closed","template":"","meta":[],"_links":{"self":[{"href":"https:\/\/www.beetz-helau.de\/index.php?rest_route=\/wp\/v2\/pages\/37"}],"collection":[{"href":"https:\/\/www.beetz-helau.de\/index.php?rest_route=\/wp\/v2\/pages"}],"about":[{"href":"https:\/\/www.beetz-helau.de\/index.php?rest_route=\/wp\/v2\/types\/page"}],"author":[{"embeddable":true,"href":"https:\/\/www.beetz-helau.de\/index.php?rest_route=\/wp\/v2\/users\/1"}],"replies":[{"embeddable":true,"href":"https:\/\/www.beetz-helau.de\/index.php?rest_route=%2Fwp%2Fv2%2Fcomments&post=37"}],"version-history":[{"count":14,"href":"https:\/\/www.beetz-helau.de\/index.php?rest_route=\/wp\/v2\/pages\/37\/revisions"}],"predecessor-version":[{"id":211,"href":"https:\/\/www.beetz-helau.de\/index.php?rest_route=\/wp\/v2\/pages\/37\/revisions\/211"}],"wp:attachment":[{"href":"https:\/\/www.beetz-helau.de\/index.php?rest_route=%2Fwp%2Fv2%2Fmedia&parent=37"}],"curies":[{"name":"wp","href":"https:\/\/api.w.org\/{rel}","templated":true}]}}