{"id":32,"date":"2023-10-22T19:59:22","date_gmt":"2023-10-22T19:59:22","guid":{"rendered":"https:\/\/www.beetz-helau.de\/?page_id=32"},"modified":"2023-10-24T14:11:28","modified_gmt":"2023-10-24T14:11:28","slug":"infos","status":"publish","type":"page","link":"https:\/\/www.beetz-helau.de\/?page_id=32","title":{"rendered":"Infos"},"content":{"rendered":"\t\t<div data-elementor-type=\"wp-page\" data-elementor-id=\"32\" class=\"elementor elementor-32\">\n\t\t\t\t\t\t\t\t\t<section class=\"elementor-section elementor-top-section elementor-element elementor-element-327672d elementor-section-boxed elementor-section-height-default elementor-section-height-default\" data-id=\"327672d\" data-element_type=\"section\">\n\t\t\t\t\t\t<div class=\"elementor-container elementor-column-gap-default\">\n\t\t\t\t\t<div class=\"elementor-column elementor-col-100 elementor-top-column elementor-element elementor-element-59dc95c\" data-id=\"59dc95c\" data-element_type=\"column\">\n\t\t\t<div class=\"elementor-widget-wrap elementor-element-populated\">\n\t\t\t\t\t\t\t\t<div class=\"elementor-element elementor-element-ad9ba9b elementor-widget elementor-widget-heading\" data-id=\"ad9ba9b\" data-element_type=\"widget\" data-widget_type=\"heading.default\">\n\t\t\t\t<div class=\"elementor-widget-container\">\n\t\t\t<style>\/*! elementor - v3.16.0 - 17-10-2023 *\/\n.elementor-heading-title{padding:0;margin:0;line-height:1}.elementor-widget-heading .elementor-heading-title[class*=elementor-size-]>a{color:inherit;font-size:inherit;line-height:inherit}.elementor-widget-heading .elementor-heading-title.elementor-size-small{font-size:15px}.elementor-widget-heading .elementor-heading-title.elementor-size-medium{font-size:19px}.elementor-widget-heading .elementor-heading-title.elementor-size-large{font-size:29px}.elementor-widget-heading .elementor-heading-title.elementor-size-xl{font-size:39px}.elementor-widget-heading .elementor-heading-title.elementor-size-xxl{font-size:59px}<\/style><h2 class=\"elementor-heading-title elementor-size-default\">Vielen Dank an unsere helfenden H\u00e4nde!<\/h2>\t\t<\/div>\n\t\t\t\t<\/div>\n\t\t\t\t\t<\/div>\n\t\t<\/div>\n\t\t\t\t\t\t\t<\/div>\n\t\t<\/section>\n\t\t\t\t<section class=\"elementor-section elementor-top-section elementor-element elementor-element-1e11713 elementor-section-boxed elementor-section-height-default elementor-section-height-default\" data-id=\"1e11713\" data-element_type=\"section\">\n\t\t\t\t\t\t<div class=\"elementor-container elementor-column-gap-default\">\n\t\t\t\t\t<div class=\"elementor-column elementor-col-100 elementor-top-column elementor-element elementor-element-bd170c4\" data-id=\"bd170c4\" data-element_type=\"column\">\n\t\t\t<div class=\"elementor-widget-wrap elementor-element-populated\">\n\t\t\t\t\t\t\t\t<div class=\"elementor-element elementor-element-f9aa986 elementor-widget elementor-widget-text-editor\" data-id=\"f9aa986\" data-element_type=\"widget\" data-widget_type=\"text-editor.default\">\n\t\t\t\t<div class=\"elementor-widget-container\">\n\t\t\t<style>\/*! elementor - v3.16.0 - 17-10-2023 *\/\n.elementor-widget-text-editor.elementor-drop-cap-view-stacked .elementor-drop-cap{background-color:#69727d;color:#fff}.elementor-widget-text-editor.elementor-drop-cap-view-framed .elementor-drop-cap{color:#69727d;border:3px solid;background-color:transparent}.elementor-widget-text-editor:not(.elementor-drop-cap-view-default) .elementor-drop-cap{margin-top:8px}.elementor-widget-text-editor:not(.elementor-drop-cap-view-default) .elementor-drop-cap-letter{width:1em;height:1em}.elementor-widget-text-editor .elementor-drop-cap{float:left;text-align:center;line-height:1;font-size:50px}.elementor-widget-text-editor .elementor-drop-cap-letter{display:inline-block}<\/style>\t\t\t\t<p>Um ein gelungenes Programm auf die Beine zu stellen, bedarf es\u00a0einer ganzen Menge an Hilfe und Organisation.<\/p><p>Mit neuen Ideen versucht der BCC\u00a0st\u00e4ndig, sich zu verbessern und pr\u00e4sentiert so seinem Publikum jedes Jahr ein neues, selbstgebasteltes Programm.\u00a0Um das zu erreichen, ist eine gute Organisation und eine reibungslose Zusammenarbeit wichtig.<\/p><p>Als Erstes danken wir hier unserem gro\u00dfartigen Publikum! Denn ohne diesem w\u00fcrde der Carneval nicht bestehen k\u00f6nnen.<\/p><p>Die Beetzer Mehrzweckhalle ist der Ort des Geschehens. Hier ist der BCC inzwischen seit vielen Jahren\u00a0zu Hause.\u00a0<\/p><p>Gegen den Durst und f\u00fcr den kleinen Hunger sorgt seit vielen Jahren zuverl\u00e4ssig\u00a0<a href=\"http:\/\/www.gwf-kremmen.de\/getraenkehandel-spedition.html\">Getr\u00e4nkevertrieb Wolff<\/a>.<\/p><p>Technikspezialisten aus den eigenen Reihen sorgen w\u00e4hrend des Abends f\u00fcr die bunte Beleuchtung und den passenden Ton.\u00a0<\/p><p>Nicht zu vergessen sind unsere Schneider. Jedes Jahr werden\u00a0andere Kost\u00fcme zurecht geschnitten. Das ben\u00f6tigt ruhige, geschickte H\u00e4nde und viele Anproben.<\/p><p>Auch die Finanzen m\u00fcssen stimmen. Denn jeder Euro will sinnvoll ausgegeben werden. Daf\u00fcr sorgt unser &#8222;Kopekenscheich&#8220;.\u00a0<\/p><p>Da unsere Kontakte zu befreundeten Karnevalsvereinen immer intensiver wurden, haben wir in diesem Jahr eine neue Position geschaffen und einen Au\u00dfenminister ernannt. Dieser k\u00fcmmert sich um alle Belange, die bez\u00fcgl. Besuchen von anderen Vereinen zu regeln sind.<\/p><p>Und weil nach dem Programm noch lange nicht Schluss ist, heizt ein DJ dem tanzw\u00fctigen Publikum ein.<\/p><p>Allen hier nicht Erw\u00e4hnten, sei ebenfalls herzlich gedankt!<\/p>\t\t\t\t\t\t<\/div>\n\t\t\t\t<\/div>\n\t\t\t\t\t<\/div>\n\t\t<\/div>\n\t\t\t\t\t\t\t<\/div>\n\t\t<\/section>\n\t\t\t\t\t\t\t<\/div>\n\t\t","protected":false},"excerpt":{"rendered":"<p>Vielen Dank an unsere helfenden H\u00e4nde! Um ein gelungenes Programm auf die Beine zu stellen, bedarf es\u00a0einer ganzen Menge an Hilfe und Organisation. Mit neuen Ideen versucht der BCC\u00a0st\u00e4ndig, sich zu verbessern und pr\u00e4sentiert so seinem Publikum jedes Jahr ein neues, selbstgebasteltes Programm.\u00a0Um das zu erreichen, ist eine gute Organisation und eine reibungslose Zusammenarbeit wichtig. &hellip; <\/p>\n<p class=\"link-more\"><a href=\"https:\/\/www.beetz-helau.de\/?page_id=32\" class=\"more-link\">Mehr <span class=\"screen-reader-text\">\u00fcber &#8222;Infos&#8220; <\/span>Lesen<\/a><\/p>\n","protected":false},"author":1,"featured_media":0,"parent":0,"menu_order":0,"comment_status":"closed","ping_status":"closed","template":"","meta":[],"_links":{"self":[{"href":"https:\/\/www.beetz-helau.de\/index.php?rest_route=\/wp\/v2\/pages\/32"}],"collection":[{"href":"https:\/\/www.beetz-helau.de\/index.php?rest_route=\/wp\/v2\/pages"}],"about":[{"href":"https:\/\/www.beetz-helau.de\/index.php?rest_route=\/wp\/v2\/types\/page"}],"author":[{"embeddable":true,"href":"https:\/\/www.beetz-helau.de\/index.php?rest_route=\/wp\/v2\/users\/1"}],"replies":[{"embeddable":true,"href":"https:\/\/www.beetz-helau.de\/index.php?rest_route=%2Fwp%2Fv2%2Fcomments&post=32"}],"version-history":[{"count":10,"href":"https:\/\/www.beetz-helau.de\/index.php?rest_route=\/wp\/v2\/pages\/32\/revisions"}],"predecessor-version":[{"id":222,"href":"https:\/\/www.beetz-helau.de\/index.php?rest_route=\/wp\/v2\/pages\/32\/revisions\/222"}],"wp:attachment":[{"href":"https:\/\/www.beetz-helau.de\/index.php?rest_route=%2Fwp%2Fv2%2Fmedia&parent=32"}],"curies":[{"name":"wp","href":"https:\/\/api.w.org\/{rel}","templated":true}]}}